{"id":996,"date":"2020-06-12T21:23:10","date_gmt":"2020-06-12T19:23:10","guid":{"rendered":"https:\/\/dev.lac-souterrain.com\/konzerte\/"},"modified":"2024-07-16T09:39:25","modified_gmt":"2024-07-16T07:39:25","slug":"konzerte","status":"publish","type":"page","link":"https:\/\/dev.lac-souterrain.com\/de\/konzerte\/","title":{"rendered":"Konzerte"},"content":{"rendered":"\t\t<div data-elementor-type=\"wp-page\" data-elementor-id=\"996\" class=\"elementor elementor-996 elementor-178\" data-elementor-post-type=\"page\">\n\t\t\t\t\t\t<section class=\"has_eae_slider elementor-section elementor-top-section elementor-element elementor-element-ed8d73b elementor-section-boxed elementor-section-height-default elementor-section-height-default\" data-id=\"ed8d73b\" data-element_type=\"section\" data-settings=\"{&quot;background_background&quot;:&quot;classic&quot;,&quot;jet_parallax_layout_list&quot;:[{&quot;jet_parallax_layout_image&quot;:{&quot;url&quot;:&quot;&quot;,&quot;id&quot;:&quot;&quot;,&quot;size&quot;:&quot;&quot;},&quot;_id&quot;:&quot;299098a&quot;,&quot;jet_parallax_layout_image_tablet&quot;:{&quot;url&quot;:&quot;&quot;,&quot;id&quot;:&quot;&quot;,&quot;size&quot;:&quot;&quot;},&quot;jet_parallax_layout_image_mobile&quot;:{&quot;url&quot;:&quot;&quot;,&quot;id&quot;:&quot;&quot;,&quot;size&quot;:&quot;&quot;},&quot;jet_parallax_layout_speed&quot;:{&quot;unit&quot;:&quot;%&quot;,&quot;size&quot;:50,&quot;sizes&quot;:[]},&quot;jet_parallax_layout_type&quot;:&quot;scroll&quot;,&quot;jet_parallax_layout_direction&quot;:null,&quot;jet_parallax_layout_fx_direction&quot;:null,&quot;jet_parallax_layout_z_index&quot;:&quot;&quot;,&quot;jet_parallax_layout_bg_x&quot;:50,&quot;jet_parallax_layout_bg_x_tablet&quot;:&quot;&quot;,&quot;jet_parallax_layout_bg_x_mobile&quot;:&quot;&quot;,&quot;jet_parallax_layout_bg_y&quot;:50,&quot;jet_parallax_layout_bg_y_tablet&quot;:&quot;&quot;,&quot;jet_parallax_layout_bg_y_mobile&quot;:&quot;&quot;,&quot;jet_parallax_layout_bg_size&quot;:&quot;auto&quot;,&quot;jet_parallax_layout_bg_size_tablet&quot;:&quot;&quot;,&quot;jet_parallax_layout_bg_size_mobile&quot;:&quot;&quot;,&quot;jet_parallax_layout_animation_prop&quot;:&quot;transform&quot;,&quot;jet_parallax_layout_on&quot;:[&quot;desktop&quot;,&quot;tablet&quot;]}]}\">\n\t\t\t\t\t\t<div class=\"elementor-container elementor-column-gap-default\">\n\t\t\t\t\t<div class=\"has_eae_slider elementor-column elementor-col-100 elementor-top-column elementor-element elementor-element-a942e71\" data-id=\"a942e71\" data-element_type=\"column\">\n\t\t\t<div class=\"elementor-widget-wrap elementor-element-populated\">\n\t\t\t\t\t\t<div class=\"elementor-element elementor-element-dfd7323 eael-dual-header-content-align-center elementor-widget elementor-widget-eael-dual-color-header\" data-id=\"dfd7323\" data-element_type=\"widget\" data-widget_type=\"eael-dual-color-header.default\">\n\t\t\t\t<div class=\"elementor-widget-container\">\n\t\t\t\n\t\t\n\t\t\n\t\t\n\t\t\t\t<div class=\"eael-dual-header\">\n\t\t<span class=\"subtext\"><\/span>\n\t\t\t\t<h1 class=\"title\"><span  class=\"lead solid-color\">Konzerte<\/span> <span>ein unvergessliches Erlebnis<\/span><\/h1>\n\t\t\t\t\t\t\t<span class=\"eael-dch-svg-icon\"><i aria-hidden=\"true\" class=\"fas fa-window-minimize\"><\/i><\/span>\t\t\t\t<\/div>\n\t\n\t\t\t\t<\/div>\n\t\t\t\t<\/div>\n\t\t\t\t<div class=\"elementor-element elementor-element-4d0c650 elementor-widget elementor-widget-text-editor\" data-id=\"4d0c650\" data-element_type=\"widget\" data-widget_type=\"text-editor.default\">\n\t\t\t\t<div class=\"elementor-widget-container\">\n\t\t\t<style>\/*! elementor - v3.20.0 - 13-03-2024 *\/\n.elementor-widget-text-editor.elementor-drop-cap-view-stacked .elementor-drop-cap{background-color:#69727d;color:#fff}.elementor-widget-text-editor.elementor-drop-cap-view-framed .elementor-drop-cap{color:#69727d;border:3px solid;background-color:transparent}.elementor-widget-text-editor:not(.elementor-drop-cap-view-default) .elementor-drop-cap{margin-top:8px}.elementor-widget-text-editor:not(.elementor-drop-cap-view-default) .elementor-drop-cap-letter{width:1em;height:1em}.elementor-widget-text-editor .elementor-drop-cap{float:left;text-align:center;line-height:1;font-size:50px}.elementor-widget-text-editor .elementor-drop-cap-letter{display:inline-block}<\/style>\t\t\t\t<h5>Der Lac Souterrain de St-L\u00e9onard bietet au\u00dfergew\u00f6hnliche akustische Qualit\u00e4ten und die Magie des Ortes kommt bei einer k\u00fcnstlerischen Darbietung in diesem majest\u00e4tischen Rahmen voll zur Geltung.<\/h5>\n<p>Der unterirdische See von St-L\u00e9onard er\u00f6ffnet faszinierende Klangr\u00e4ume, erleben Sie die einmalige Akustik. Die verschiedenen Bands und Musiker verst\u00e4rken die Magie des Sounds auf wundervolle Weise. Erleben sie ihren Lieblingsmusiker in einer v\u00f6llig neuen Dimension oder entdecken sie neue Talente in dieser verzaubernden Atmosph\u00e4re.<\/p>\n<p>Diese musikalischen Events finden im Herzen des Sees statt. Die Musiker spielen auf einem eigenen Boot. Die Besucherboote gruppieren sich in einem Abstand von nur wenigen Metern um das Musikerboot herum.<\/p>\n<p>Bei diesen Gelegenheiten bleibt die Terrasse f\u00fcr Sie ge\u00f6ffnet. Verbringen Sie gesellige Momente bei Wein und walliser Teller, sei es vor oder nach den Konzerten.<\/p>\n\t\t\t\t\t\t<\/div>\n\t\t\t\t<\/div>\n\t\t\t\t\t<\/div>\n\t\t<\/div>\n\t\t\t\t\t<\/div>\n\t\t<\/section>\n\t\t\t\t<section class=\"has_eae_slider elementor-section elementor-top-section elementor-element elementor-element-43d9f9a elementor-section-boxed elementor-section-height-default elementor-section-height-default\" data-id=\"43d9f9a\" data-element_type=\"section\" data-settings=\"{&quot;background_background&quot;:&quot;classic&quot;,&quot;jet_parallax_layout_list&quot;:[{&quot;jet_parallax_layout_image&quot;:{&quot;url&quot;:&quot;&quot;,&quot;id&quot;:&quot;&quot;,&quot;size&quot;:&quot;&quot;},&quot;_id&quot;:&quot;e1b64ca&quot;,&quot;jet_parallax_layout_image_tablet&quot;:{&quot;url&quot;:&quot;&quot;,&quot;id&quot;:&quot;&quot;,&quot;size&quot;:&quot;&quot;},&quot;jet_parallax_layout_image_mobile&quot;:{&quot;url&quot;:&quot;&quot;,&quot;id&quot;:&quot;&quot;,&quot;size&quot;:&quot;&quot;},&quot;jet_parallax_layout_speed&quot;:{&quot;unit&quot;:&quot;%&quot;,&quot;size&quot;:50,&quot;sizes&quot;:[]},&quot;jet_parallax_layout_type&quot;:&quot;scroll&quot;,&quot;jet_parallax_layout_direction&quot;:null,&quot;jet_parallax_layout_fx_direction&quot;:null,&quot;jet_parallax_layout_z_index&quot;:&quot;&quot;,&quot;jet_parallax_layout_bg_x&quot;:50,&quot;jet_parallax_layout_bg_x_tablet&quot;:&quot;&quot;,&quot;jet_parallax_layout_bg_x_mobile&quot;:&quot;&quot;,&quot;jet_parallax_layout_bg_y&quot;:50,&quot;jet_parallax_layout_bg_y_tablet&quot;:&quot;&quot;,&quot;jet_parallax_layout_bg_y_mobile&quot;:&quot;&quot;,&quot;jet_parallax_layout_bg_size&quot;:&quot;auto&quot;,&quot;jet_parallax_layout_bg_size_tablet&quot;:&quot;&quot;,&quot;jet_parallax_layout_bg_size_mobile&quot;:&quot;&quot;,&quot;jet_parallax_layout_animation_prop&quot;:&quot;transform&quot;,&quot;jet_parallax_layout_on&quot;:[&quot;desktop&quot;,&quot;tablet&quot;]}]}\">\n\t\t\t\t\t\t<div class=\"elementor-container elementor-column-gap-default\">\n\t\t\t\t\t<div class=\"has_eae_slider elementor-column elementor-col-100 elementor-top-column elementor-element elementor-element-84562d5\" data-id=\"84562d5\" data-element_type=\"column\">\n\t\t\t<div class=\"elementor-widget-wrap elementor-element-populated\">\n\t\t\t\t\t\t<div class=\"elementor-element elementor-element-f858cc7 eael-dual-header-content-align-center elementor-widget elementor-widget-eael-dual-color-header\" data-id=\"f858cc7\" data-element_type=\"widget\" data-widget_type=\"eael-dual-color-header.default\">\n\t\t\t\t<div class=\"elementor-widget-container\">\n\t\t\t\n\t\t\n\t\t\n\t\t\n\t\t\t\t<div class=\"eael-dual-header\">\n\t\t<span class=\"subtext\"><\/span>\n\t\t\t\t<h2 class=\"title\"><span  class=\"lead solid-color\">Anstehende<\/span> <span>Veranstaltungen<\/span><\/h2>\n\t\t\t\t\t\t\t<span class=\"eael-dch-svg-icon\"><i aria-hidden=\"true\" class=\"fas fa-window-minimize\"><\/i><\/span>\t\t\t\t<\/div>\n\t\n\t\t\t\t<\/div>\n\t\t\t\t<\/div>\n\t\t\t\t<div class=\"elementor-element elementor-element-5854c64 elementor-widget elementor-widget-jet-listing-grid\" data-id=\"5854c64\" data-element_type=\"widget\" data-settings=\"{&quot;columns&quot;:3,&quot;columns_tablet&quot;:&quot;2&quot;,&quot;columns_mobile&quot;:&quot;1&quot;}\" data-widget_type=\"jet-listing-grid.default\">\n\t\t\t\t<div class=\"elementor-widget-container\">\n\t\t\t<div class=\"jet-listing-grid jet-listing-grid--lazy-load jet-listing jet-listing-grid-loading\" data-lazy-load=\"{&quot;offset&quot;:&quot;0px&quot;,&quot;post_id&quot;:996,&quot;queried_id&quot;:&quot;996|WP_Post&quot;}\"><div class=\"jet-listing-grid__loader\"><div class=\"jet-listing-grid__loader-spinner\"><\/div><\/div><\/div>\t\t<\/div>\n\t\t\t\t<\/div>\n\t\t\t\t<div class=\"elementor-element elementor-element-2fc0291 elementor-align-center elementor-widget elementor-widget-button\" data-id=\"2fc0291\" data-element_type=\"widget\" data-widget_type=\"button.default\">\n\t\t\t\t<div class=\"elementor-widget-container\">\n\t\t\t\t\t<div class=\"elementor-button-wrapper\">\n\t\t\t<a class=\"elementor-button elementor-button-link elementor-size-sm\" href=\"https:\/\/dev.lac-souterrain.com\/de\/die-letzten-konzerte\/\">\n\t\t\t\t\t\t<span class=\"elementor-button-content-wrapper\">\n\t\t\t\t\t\t<span class=\"elementor-button-text\">Fr\u00fchere Konzerte<\/span>\n\t\t<\/span>\n\t\t\t\t\t<\/a>\n\t\t<\/div>\n\t\t\t\t<\/div>\n\t\t\t\t<\/div>\n\t\t\t\t\t<\/div>\n\t\t<\/div>\n\t\t\t\t\t<\/div>\n\t\t<\/section>\n\t\t\t\t<\/div>\n\t\t","protected":false},"excerpt":{"rendered":"<p>Konzerte ein unvergessliches Erlebnis Der Lac Souterrain de St-L\u00e9onard bietet au\u00dfergew\u00f6hnliche akustische Qualit\u00e4ten und die Magie des Ortes kommt bei einer k\u00fcnstlerischen Darbietung in diesem majest\u00e4tischen Rahmen voll zur Geltung. Der unterirdische See von St-L\u00e9onard er\u00f6ffnet faszinierende Klangr\u00e4ume, erleben Sie die einmalige Akustik. Die verschiedenen Bands und Musiker verst\u00e4rken die Magie des Sounds auf wundervolle [&hellip;]<\/p>\n","protected":false},"author":1,"featured_media":674,"parent":0,"menu_order":0,"comment_status":"closed","ping_status":"closed","template":"","meta":{"_acf_changed":false,"footnotes":""},"acf":[],"_links":{"self":[{"href":"https:\/\/dev.lac-souterrain.com\/de\/wp-json\/wp\/v2\/pages\/996"}],"collection":[{"href":"https:\/\/dev.lac-souterrain.com\/de\/wp-json\/wp\/v2\/pages"}],"about":[{"href":"https:\/\/dev.lac-souterrain.com\/de\/wp-json\/wp\/v2\/types\/page"}],"author":[{"embeddable":true,"href":"https:\/\/dev.lac-souterrain.com\/de\/wp-json\/wp\/v2\/users\/1"}],"replies":[{"embeddable":true,"href":"https:\/\/dev.lac-souterrain.com\/de\/wp-json\/wp\/v2\/comments?post=996"}],"version-history":[{"count":16,"href":"https:\/\/dev.lac-souterrain.com\/de\/wp-json\/wp\/v2\/pages\/996\/revisions"}],"predecessor-version":[{"id":3240,"href":"https:\/\/dev.lac-souterrain.com\/de\/wp-json\/wp\/v2\/pages\/996\/revisions\/3240"}],"wp:featuredmedia":[{"embeddable":true,"href":"https:\/\/dev.lac-souterrain.com\/de\/wp-json\/wp\/v2\/media\/674"}],"wp:attachment":[{"href":"https:\/\/dev.lac-souterrain.com\/de\/wp-json\/wp\/v2\/media?parent=996"}],"curies":[{"name":"wp","href":"https:\/\/api.w.org\/{rel}","templated":true}]}}