{"id":1141,"date":"2020-06-16T22:02:53","date_gmt":"2020-06-16T20:02:53","guid":{"rendered":"https:\/\/dev.lac-souterrain.com\/private-anlaesse-und-betriebsausfluege\/"},"modified":"2022-03-21T11:33:52","modified_gmt":"2022-03-21T10:33:52","slug":"private-anlaesse-und-betriebsausfluege","status":"publish","type":"page","link":"https:\/\/dev.lac-souterrain.com\/de\/private-anlaesse-und-betriebsausfluege\/","title":{"rendered":"Private Anl\u00e4sse und Betriebsausfl\u00fcge"},"content":{"rendered":"\t\t<div data-elementor-type=\"wp-page\" data-elementor-id=\"1141\" class=\"elementor elementor-1141 elementor-719\" data-elementor-post-type=\"page\">\n\t\t\t\t\t\t<section class=\"has_eae_slider elementor-section elementor-top-section elementor-element elementor-element-a4152be elementor-section-boxed elementor-section-height-default elementor-section-height-default\" data-id=\"a4152be\" data-element_type=\"section\" data-settings=\"{&quot;jet_parallax_layout_list&quot;:[{&quot;jet_parallax_layout_image&quot;:{&quot;url&quot;:&quot;&quot;,&quot;id&quot;:&quot;&quot;,&quot;size&quot;:&quot;&quot;},&quot;_id&quot;:&quot;8a7676f&quot;,&quot;jet_parallax_layout_image_tablet&quot;:{&quot;url&quot;:&quot;&quot;,&quot;id&quot;:&quot;&quot;,&quot;size&quot;:&quot;&quot;},&quot;jet_parallax_layout_image_mobile&quot;:{&quot;url&quot;:&quot;&quot;,&quot;id&quot;:&quot;&quot;,&quot;size&quot;:&quot;&quot;},&quot;jet_parallax_layout_speed&quot;:{&quot;unit&quot;:&quot;%&quot;,&quot;size&quot;:50,&quot;sizes&quot;:[]},&quot;jet_parallax_layout_type&quot;:&quot;scroll&quot;,&quot;jet_parallax_layout_direction&quot;:null,&quot;jet_parallax_layout_fx_direction&quot;:null,&quot;jet_parallax_layout_z_index&quot;:&quot;&quot;,&quot;jet_parallax_layout_bg_x&quot;:50,&quot;jet_parallax_layout_bg_x_tablet&quot;:&quot;&quot;,&quot;jet_parallax_layout_bg_x_mobile&quot;:&quot;&quot;,&quot;jet_parallax_layout_bg_y&quot;:50,&quot;jet_parallax_layout_bg_y_tablet&quot;:&quot;&quot;,&quot;jet_parallax_layout_bg_y_mobile&quot;:&quot;&quot;,&quot;jet_parallax_layout_bg_size&quot;:&quot;auto&quot;,&quot;jet_parallax_layout_bg_size_tablet&quot;:&quot;&quot;,&quot;jet_parallax_layout_bg_size_mobile&quot;:&quot;&quot;,&quot;jet_parallax_layout_animation_prop&quot;:&quot;transform&quot;,&quot;jet_parallax_layout_on&quot;:[&quot;desktop&quot;,&quot;tablet&quot;]}]}\">\n\t\t\t\t\t\t<div class=\"elementor-container elementor-column-gap-default\">\n\t\t\t\t\t<div class=\"has_eae_slider elementor-column elementor-col-100 elementor-top-column elementor-element elementor-element-baa4fc7\" data-id=\"baa4fc7\" data-element_type=\"column\">\n\t\t\t<div class=\"elementor-widget-wrap elementor-element-populated\">\n\t\t\t\t\t\t<div class=\"elementor-element elementor-element-cc1b987 eael-dual-header-content-align-center elementor-widget elementor-widget-eael-dual-color-header\" data-id=\"cc1b987\" data-element_type=\"widget\" data-widget_type=\"eael-dual-color-header.default\">\n\t\t\t\t<div class=\"elementor-widget-container\">\n\t\t\t\n\t\t\n\t\t\n\t\t\n\t\t\t\t<div class=\"eael-dual-header\">\n\t\t<span class=\"subtext\"><\/span>\n\t\t\t\t<h1 class=\"title\"><span  class=\"lead solid-color\">Private<\/span> <span>Anl\u00e4sse<\/span><\/h1>\n\t\t\t\t\t\t\t<span class=\"eael-dch-svg-icon\"><i aria-hidden=\"true\" class=\"fas fa-window-minimize\"><\/i><\/span>\t\t\t\t<\/div>\n\t\n\t\t\t\t<\/div>\n\t\t\t\t<\/div>\n\t\t\t\t<div class=\"elementor-element elementor-element-2c225f9 elementor-widget elementor-widget-text-editor\" data-id=\"2c225f9\" data-element_type=\"widget\" data-widget_type=\"text-editor.default\">\n\t\t\t\t<div class=\"elementor-widget-container\">\n\t\t\t<style>\/*! elementor - v3.20.0 - 13-03-2024 *\/\n.elementor-widget-text-editor.elementor-drop-cap-view-stacked .elementor-drop-cap{background-color:#69727d;color:#fff}.elementor-widget-text-editor.elementor-drop-cap-view-framed .elementor-drop-cap{color:#69727d;border:3px solid;background-color:transparent}.elementor-widget-text-editor:not(.elementor-drop-cap-view-default) .elementor-drop-cap{margin-top:8px}.elementor-widget-text-editor:not(.elementor-drop-cap-view-default) .elementor-drop-cap-letter{width:1em;height:1em}.elementor-widget-text-editor .elementor-drop-cap{float:left;text-align:center;line-height:1;font-size:50px}.elementor-widget-text-editor .elementor-drop-cap-letter{display:inline-block}<\/style>\t\t\t\t<p>Lust auf einen ganz besonderen Betriebs- oder Vereinsausflug?<br \/>\nWir bieten Ihnen verschiedene M\u00f6glichkeiten. Die Angebote, die Sie weiter unten finden, k\u00f6nnen Sie nur ausserhalb der \u00d6ffnungszeiten buchen<br \/>\n(je nach Saison ab 17 Uhr 30 oder ab 18 Uhr).<\/p>\n\t\t\t\t\t\t<\/div>\n\t\t\t\t<\/div>\n\t\t\t\t\t<\/div>\n\t\t<\/div>\n\t\t\t\t\t<\/div>\n\t\t<\/section>\n\t\t\t\t<section class=\"has_eae_slider elementor-section elementor-top-section elementor-element elementor-element-f028b62 elementor-section-boxed elementor-section-height-default elementor-section-height-default\" data-id=\"f028b62\" data-element_type=\"section\" data-settings=\"{&quot;jet_parallax_layout_list&quot;:[{&quot;jet_parallax_layout_image&quot;:{&quot;url&quot;:&quot;&quot;,&quot;id&quot;:&quot;&quot;,&quot;size&quot;:&quot;&quot;},&quot;_id&quot;:&quot;84c7372&quot;,&quot;jet_parallax_layout_image_tablet&quot;:{&quot;url&quot;:&quot;&quot;,&quot;id&quot;:&quot;&quot;,&quot;size&quot;:&quot;&quot;},&quot;jet_parallax_layout_image_mobile&quot;:{&quot;url&quot;:&quot;&quot;,&quot;id&quot;:&quot;&quot;,&quot;size&quot;:&quot;&quot;},&quot;jet_parallax_layout_speed&quot;:{&quot;unit&quot;:&quot;%&quot;,&quot;size&quot;:50,&quot;sizes&quot;:[]},&quot;jet_parallax_layout_type&quot;:&quot;scroll&quot;,&quot;jet_parallax_layout_direction&quot;:null,&quot;jet_parallax_layout_fx_direction&quot;:null,&quot;jet_parallax_layout_z_index&quot;:&quot;&quot;,&quot;jet_parallax_layout_bg_x&quot;:50,&quot;jet_parallax_layout_bg_x_tablet&quot;:&quot;&quot;,&quot;jet_parallax_layout_bg_x_mobile&quot;:&quot;&quot;,&quot;jet_parallax_layout_bg_y&quot;:50,&quot;jet_parallax_layout_bg_y_tablet&quot;:&quot;&quot;,&quot;jet_parallax_layout_bg_y_mobile&quot;:&quot;&quot;,&quot;jet_parallax_layout_bg_size&quot;:&quot;auto&quot;,&quot;jet_parallax_layout_bg_size_tablet&quot;:&quot;&quot;,&quot;jet_parallax_layout_bg_size_mobile&quot;:&quot;&quot;,&quot;jet_parallax_layout_animation_prop&quot;:&quot;transform&quot;,&quot;jet_parallax_layout_on&quot;:[&quot;desktop&quot;,&quot;tablet&quot;]}]}\">\n\t\t\t\t\t\t<div class=\"elementor-container elementor-column-gap-wider\">\n\t\t\t\t\t<div class=\"has_eae_slider elementor-column elementor-col-50 elementor-top-column elementor-element elementor-element-7aa8ec6\" data-id=\"7aa8ec6\" data-element_type=\"column\">\n\t\t\t<div class=\"elementor-widget-wrap elementor-element-populated\">\n\t\t\t\t\t\t<div class=\"elementor-element elementor-element-70a00aa eael-dual-header-content-align-center elementor-widget elementor-widget-eael-dual-color-header\" data-id=\"70a00aa\" data-element_type=\"widget\" data-widget_type=\"eael-dual-color-header.default\">\n\t\t\t\t<div class=\"elementor-widget-container\">\n\t\t\t\n\t\t\n\t\t\n\t\t\n\t\t\t\t<div class=\"eael-dual-header\">\n\t\t<span class=\"subtext\"><\/span>\n\t\t\t\t<h2 class=\"title\"><span  class=\"lead solid-color\">Private F\u00fchrung<\/span> <span>&amp; Aperitif<\/span><\/h2>\n\t\t\t\t\t\t\t<span class=\"eael-dch-svg-icon\"><i aria-hidden=\"true\" class=\"fas fa-window-minimize\"><\/i><\/span>\t\t\t\t<\/div>\n\t\n\t\t\t\t<\/div>\n\t\t\t\t<\/div>\n\t\t\t\t<div class=\"elementor-element elementor-element-77b4121 elementor-widget elementor-widget-text-editor\" data-id=\"77b4121\" data-element_type=\"widget\" data-widget_type=\"text-editor.default\">\n\t\t\t\t<div class=\"elementor-widget-container\">\n\t\t\t\t\t\t\t<p>Auf Anfrage empfangen wir Sie f\u00fcr eine private F\u00fchrung.<\/p>\n<p>Es ist m\u00f6glich diesen Besuch mit einem Aperitif an Bord zu verfeinern. Damit Sie Ihre Getr\u00e4nke und die kleinen Snacks in angenehmer Weise genie\u00dfen k\u00f6nnen, werden die Boote f\u00fcr die Aperitifversion in der Mitte mit einer Bar ausgestattet.<\/p>\n<p><strong>Preise ab CHF 300.-<\/strong><\/p>\n\t\t\t\t\t\t<\/div>\n\t\t\t\t<\/div>\n\t\t\t\t<div class=\"elementor-element elementor-element-fb278c1 elementor-widget elementor-widget-image\" data-id=\"fb278c1\" data-element_type=\"widget\" data-widget_type=\"image.default\">\n\t\t\t\t<div class=\"elementor-widget-container\">\n\t\t\t<style>\/*! elementor - v3.20.0 - 13-03-2024 *\/\n.elementor-widget-image{text-align:center}.elementor-widget-image a{display:inline-block}.elementor-widget-image a img[src$=\".svg\"]{width:48px}.elementor-widget-image img{vertical-align:middle;display:inline-block}<\/style>\t\t\t\t\t\t\t\t\t\t<img fetchpriority=\"high\" decoding=\"async\" width=\"633\" height=\"950\" src=\"https:\/\/dev.lac-souterrain.com\/wp-content\/uploads\/2020\/05\/Ap\u00e9ro2015-1.jpg\" class=\"attachment-large size-large wp-image-592\" alt=\"\" srcset=\"https:\/\/dev.lac-souterrain.com\/wp-content\/uploads\/2020\/05\/Ap\u00e9ro2015-1.jpg 633w, https:\/\/dev.lac-souterrain.com\/wp-content\/uploads\/2020\/05\/Ap\u00e9ro2015-1-200x300.jpg 200w\" sizes=\"(max-width: 633px) 100vw, 633px\" \/>\t\t\t\t\t\t\t\t\t\t\t\t\t<\/div>\n\t\t\t\t<\/div>\n\t\t\t\t\t<\/div>\n\t\t<\/div>\n\t\t\t\t<div class=\"has_eae_slider elementor-column elementor-col-50 elementor-top-column elementor-element elementor-element-d4ebbc6\" data-id=\"d4ebbc6\" data-element_type=\"column\">\n\t\t\t<div class=\"elementor-widget-wrap elementor-element-populated\">\n\t\t\t\t\t\t<div class=\"elementor-element elementor-element-3b85c5b elementor-widget elementor-widget-image\" data-id=\"3b85c5b\" data-element_type=\"widget\" data-widget_type=\"image.default\">\n\t\t\t\t<div class=\"elementor-widget-container\">\n\t\t\t\t\t\t\t\t\t\t\t\t\t<img decoding=\"async\" width=\"334\" height=\"500\" data-src=\"https:\/\/dev.lac-souterrain.com\/wp-content\/uploads\/2020\/05\/dsc_0877.jpg\" class=\"attachment-large size-large wp-image-616 lazyload\" alt=\"\" data-srcset=\"https:\/\/dev.lac-souterrain.com\/wp-content\/uploads\/2020\/05\/dsc_0877.jpg 334w, https:\/\/dev.lac-souterrain.com\/wp-content\/uploads\/2020\/05\/dsc_0877-200x300.jpg 200w\" data-sizes=\"(max-width: 334px) 100vw, 334px\" src=\"data:image\/gif;base64,R0lGODlhAQABAAAAACH5BAEKAAEALAAAAAABAAEAAAICTAEAOw==\" \/><noscript><img decoding=\"async\" width=\"334\" height=\"500\" src=\"https:\/\/dev.lac-souterrain.com\/wp-content\/uploads\/2020\/05\/dsc_0877.jpg\" class=\"attachment-large size-large wp-image-616\" alt=\"\" srcset=\"https:\/\/dev.lac-souterrain.com\/wp-content\/uploads\/2020\/05\/dsc_0877.jpg 334w, https:\/\/dev.lac-souterrain.com\/wp-content\/uploads\/2020\/05\/dsc_0877-200x300.jpg 200w\" sizes=\"(max-width: 334px) 100vw, 334px\" \/><\/noscript>\t\t\t\t\t\t\t\t\t\t\t\t\t<\/div>\n\t\t\t\t<\/div>\n\t\t\t\t<div class=\"elementor-element elementor-element-d27f1aa eael-dual-header-content-align-center elementor-widget elementor-widget-eael-dual-color-header\" data-id=\"d27f1aa\" data-element_type=\"widget\" data-widget_type=\"eael-dual-color-header.default\">\n\t\t\t\t<div class=\"elementor-widget-container\">\n\t\t\t\n\t\t\n\t\t\n\t\t\n\t\t\t\t<div class=\"eael-dual-header\">\n\t\t<span class=\"subtext\"><\/span>\n\t\t\t\t<h2 class=\"title\"><span  class=\"lead solid-color\">Unvergessliche<\/span> <span>Private Konzerte<\/span><\/h2>\n\t\t\t\t\t\t\t<span class=\"eael-dch-svg-icon\"><i aria-hidden=\"true\" class=\"fas fa-window-minimize\"><\/i><\/span>\t\t\t\t<\/div>\n\t\n\t\t\t\t<\/div>\n\t\t\t\t<\/div>\n\t\t\t\t<div class=\"elementor-element elementor-element-66742aa elementor-widget elementor-widget-text-editor\" data-id=\"66742aa\" data-element_type=\"widget\" data-widget_type=\"text-editor.default\">\n\t\t\t\t<div class=\"elementor-widget-container\">\n\t\t\t\t\t\t\t<div class=\"mk-padding-wrapper wpb_row\">\n<div class=\"vc_col-sm-12 wpb_column column_container _ height-full\">\n<div id=\"text-block-12\" class=\"mk-text-block \">\n<p>Wollen sie ihren G\u00e4sten ein absolut unvergessliches Ereignis bescheren?<\/p>\n<p>Dann \u00fcberraschen sie sie mit einem kleinen Privatkonzert 70 Meter unter der Erde.<br \/>\nProfitieren sie von der bezaubernden Akustik dieses Ortes mit folgenden Angeboten:<\/p>\n<ul>\n<li><strong>Die klassische Version<\/strong> mit einem Geigenspielerduo der Musikhochschule von Lausanne<\/li>\n<\/ul>\n<ul>\n<li><strong>Die Popversion<\/strong> mit einem Gitarristenduo und Gesang<\/li>\n<\/ul>\n<p><strong>Die H\u00f6chstpersonenzahl f\u00fcr diese Anl\u00e4sse betr\u00e4gt 110 Personen.<\/strong><\/p>\n<p>Wenn sie ein anderes Angebot auf ihre pers\u00f6nlichen Bed\u00fcrfnisse zugeschnitten haben m\u00f6chten, kontaktieren sie uns.<\/p>\n<div class=\"clearboth\"><\/div>\n<\/div>\n<\/div>\n<\/div>\n<div class=\"clearboth\"><\/div>\n\t\t\t\t\t\t<\/div>\n\t\t\t\t<\/div>\n\t\t\t\t<div class=\"elementor-element elementor-element-6563477 elementor-widget elementor-widget-button\" data-id=\"6563477\" data-element_type=\"widget\" data-widget_type=\"button.default\">\n\t\t\t\t<div class=\"elementor-widget-container\">\n\t\t\t\t\t<div class=\"elementor-button-wrapper\">\n\t\t\t<a class=\"elementor-button elementor-button-link elementor-size-sm\" href=\"https:\/\/dev.lac-souterrain.com\/de\/kontakt\/\">\n\t\t\t\t\t\t<span class=\"elementor-button-content-wrapper\">\n\t\t\t\t\t\t<span class=\"elementor-button-text\">Wenn Sie ein anderes Angebot auf Ihre pers\u00f6nlichen Bed\u00fcrfnisse zugeschnitten haben m\u00f6chten, kontaktieren sie uns.  Gemeinsam stellen wir ihr Wunschprogramm zusammen.<\/span>\n\t\t<\/span>\n\t\t\t\t\t<\/a>\n\t\t<\/div>\n\t\t\t\t<\/div>\n\t\t\t\t<\/div>\n\t\t\t\t<div class=\"elementor-element elementor-element-05da27d elementor-widget elementor-widget-image\" data-id=\"05da27d\" data-element_type=\"widget\" data-widget_type=\"image.default\">\n\t\t\t\t<div class=\"elementor-widget-container\">\n\t\t\t\t\t\t\t\t\t\t\t\t\t<img decoding=\"async\" width=\"749\" height=\"500\" data-src=\"https:\/\/dev.lac-souterrain.com\/wp-content\/uploads\/2020\/05\/dsc_0913-1.jpg\" class=\"attachment-large size-large wp-image-604 lazyload\" alt=\"\" data-srcset=\"https:\/\/dev.lac-souterrain.com\/wp-content\/uploads\/2020\/05\/dsc_0913-1.jpg 749w, https:\/\/dev.lac-souterrain.com\/wp-content\/uploads\/2020\/05\/dsc_0913-1-300x200.jpg 300w\" data-sizes=\"(max-width: 749px) 100vw, 749px\" src=\"data:image\/gif;base64,R0lGODlhAQABAAAAACH5BAEKAAEALAAAAAABAAEAAAICTAEAOw==\" \/><noscript><img decoding=\"async\" width=\"749\" height=\"500\" src=\"https:\/\/dev.lac-souterrain.com\/wp-content\/uploads\/2020\/05\/dsc_0913-1.jpg\" class=\"attachment-large size-large wp-image-604\" alt=\"\" srcset=\"https:\/\/dev.lac-souterrain.com\/wp-content\/uploads\/2020\/05\/dsc_0913-1.jpg 749w, https:\/\/dev.lac-souterrain.com\/wp-content\/uploads\/2020\/05\/dsc_0913-1-300x200.jpg 300w\" sizes=\"(max-width: 749px) 100vw, 749px\" \/><\/noscript>\t\t\t\t\t\t\t\t\t\t\t\t\t<\/div>\n\t\t\t\t<\/div>\n\t\t\t\t\t<\/div>\n\t\t<\/div>\n\t\t\t\t\t<\/div>\n\t\t<\/section>\n\t\t\t\t<\/div>\n\t\t","protected":false},"excerpt":{"rendered":"<p>Private Anl\u00e4sse Lust auf einen ganz besonderen Betriebs- oder Vereinsausflug? Wir bieten Ihnen verschiedene M\u00f6glichkeiten. Die Angebote, die Sie weiter unten finden, k\u00f6nnen Sie nur ausserhalb der \u00d6ffnungszeiten buchen (je nach Saison ab 17 Uhr 30 oder ab 18 Uhr). Private F\u00fchrung &amp; Aperitif Auf Anfrage empfangen wir Sie f\u00fcr eine private F\u00fchrung. Es ist [&hellip;]<\/p>\n","protected":false},"author":1,"featured_media":3630,"parent":0,"menu_order":0,"comment_status":"closed","ping_status":"closed","template":"","meta":{"_acf_changed":false,"footnotes":""},"acf":[],"_links":{"self":[{"href":"https:\/\/dev.lac-souterrain.com\/de\/wp-json\/wp\/v2\/pages\/1141"}],"collection":[{"href":"https:\/\/dev.lac-souterrain.com\/de\/wp-json\/wp\/v2\/pages"}],"about":[{"href":"https:\/\/dev.lac-souterrain.com\/de\/wp-json\/wp\/v2\/types\/page"}],"author":[{"embeddable":true,"href":"https:\/\/dev.lac-souterrain.com\/de\/wp-json\/wp\/v2\/users\/1"}],"replies":[{"embeddable":true,"href":"https:\/\/dev.lac-souterrain.com\/de\/wp-json\/wp\/v2\/comments?post=1141"}],"version-history":[{"count":4,"href":"https:\/\/dev.lac-souterrain.com\/de\/wp-json\/wp\/v2\/pages\/1141\/revisions"}],"predecessor-version":[{"id":2339,"href":"https:\/\/dev.lac-souterrain.com\/de\/wp-json\/wp\/v2\/pages\/1141\/revisions\/2339"}],"wp:featuredmedia":[{"embeddable":true,"href":"https:\/\/dev.lac-souterrain.com\/de\/wp-json\/wp\/v2\/media\/3630"}],"wp:attachment":[{"href":"https:\/\/dev.lac-souterrain.com\/de\/wp-json\/wp\/v2\/media?parent=1141"}],"curies":[{"name":"wp","href":"https:\/\/api.w.org\/{rel}","templated":true}]}}